{"id":822,"date":"2020-07-16T13:12:30","date_gmt":"2020-07-16T11:12:30","guid":{"rendered":"http:\/\/www.progel-engineering.it\/?page_id=822"},"modified":"2020-07-16T13:12:54","modified_gmt":"2020-07-16T11:12:54","slug":"qualitatsrichtlinie","status":"publish","type":"page","link":"https:\/\/www.progel-engineering.it\/de\/qualitatsrichtlinie\/","title":{"rendered":"Qualit\u00e4tsrichtlinie"},"content":{"rendered":"<p>Das Management von PROGEL ENGINEERING Srl unter Bezugnahme auf seine T\u00e4tigkeit von:<\/p>\n<p><strong> <em> Design, Entwicklung, Produktion, Unterst\u00fctzung von Befehls-, Steuerungs-, Mess-, Erfassungs- und Daten\u00fcbertragungssystemen. <\/em> <\/strong><\/p>\n<p>hat diese &#8222;Qualit\u00e4tspolitik&#8220; als Zusammenfassung ihrer strategischen Ziele und Richtlinien definiert und verabschiedet, um die Entwicklung und das Wachstum des Unternehmens, der Mitarbeiter und der gesamten Organisation zu gew\u00e4hrleisten.<\/p>\n<p><strong> KUNDENORIENTIERUNG UND INTERESSIERTE PARTEIEN <\/strong><\/p>\n<p>Wir stellen die Bed\u00fcrfnisse und Erwartungen unserer externen, aber auch internen Kunden und aller relevanten Stakeholder in den Mittelpunkt unserer Aktivit\u00e4ten.<\/p>\n<p><strong> PRODUKTQUALIT\u00c4T UND TECHNONOLOGISCHE INNOVATION <\/strong><\/p>\n<p>Unsere Aufmerksamkeit richtet sich st\u00e4ndig auf folgende Aspekte:<\/p>\n<ul>\n<li>die Notwendigkeit f\u00fcr technologische Innovation unserer. Produkte, um die Kundenanforderungen bestm\u00f6glich zu erf\u00fcllen und auf dem Markt wettbewerbsf\u00e4hig zu sein. &lt;\/ li&gt;<\/li>\n<li>die Annahme aller Strategien, die erforderlich sind, um das, was konzipiert und umgesetzt wird, mit den geltenden verbindlichen Anforderungen in Einklang zu bringen und ein H\u00f6chstma\u00df an Qualit\u00e4t der angebotenen Produkte und Dienstleistungen zu gew\u00e4hrleisten.<\/li>\n<li>Minderung des mit der Verwendung unserer Produkte verbundenen Risikos gem\u00e4\u00df den Bestimmungen der geltenden Vorschriften auf ein Minimum und in jedem Fall ein vernachl\u00e4ssigbares Ma\u00df.<\/li>\n<\/ul>\n<p><strong> Management und Koh\u00e4renz mit den Zielen <\/strong><\/p>\n<p>Wir arbeiten nach den in unserem Qualit\u00e4tssystem beschriebenen Richtlinien, auf der Grundlage definierter Ziele, die regelm\u00e4\u00dfig \u00fcberpr\u00fcft werden, und nach einem methodischen Ansatz, der auf die kontinuierliche Verbesserung unserer Prozesse abzielt.<\/p>\n<p><strong> MANAGEMENT AUS PROZESSEN UND ERGEBNISSEN <\/strong><\/p>\n<p>Der Organisations- und Entscheidungsprozess basiert auf der Einbeziehung der Mitarbeiter und unserer Partner, auf konkreten Fakten, auf einem Ansatz, der darauf abzielt, Chancen zu nutzen und die mit unserem Kontext verbundenen Risiken zu identifizieren und zu mindern<\/p>\n<p>Die folgenden Makroziele werden f\u00fcr den Zeitraum 2020-2022 festgelegt:<\/p>\n<ul>\n<li>Kontinuierliche Entwicklung innovativer Eigenmarkenprodukte (&#8222;EVENT&#8220; -Familie)<\/li>\n<li>Neuer Fokus auf Engineering-Aktivit\u00e4ten als Baustein der Unternehmens-DNA<\/li>\n<\/ul>\n<p>Die Richtung<\/p>\n<p><a class=\"btn btn-primary\" href=\"http:\/\/www.progel-engineering.it\/wp-content\/uploads\/2020\/07\/MQ-Allegato-2_Politica-Qualita.pdf\" target=\"_ blank\" rel=\"noopener noreferrer\"> PDF-Dokument herunterladen <\/a><\/p>\n","protected":false},"excerpt":{"rendered":"<p>Das Management von PROGEL ENGINEERING Srl unter Bezugnahme auf seine T\u00e4tigkeit von: Design, Entwicklung, Produktion, Unterst\u00fctzung von Befehls-, Steuerungs-, Mess-, Erfassungs- und Daten\u00fcbertragungssystemen. hat diese &#8222;Qualit\u00e4tspolitik&#8220; als Zusammenfassung ihrer strategischen Ziele und Richtlinien definiert und verabschiedet, um die Entwicklung und das Wachstum des Unternehmens, der Mitarbeiter und der gesamten Organisation zu gew\u00e4hrleisten. KUNDENORIENTIERUNG UND INTERESSIERTE [&hellip;]<\/p>\n","protected":false},"author":1,"featured_media":0,"parent":0,"menu_order":0,"comment_status":"closed","ping_status":"closed","template":"","meta":{"_acf_changed":false,"footnotes":""},"class_list":["post-822","page","type-page","status-publish","hentry"],"acf":[],"_links":{"self":[{"href":"https:\/\/www.progel-engineering.it\/de\/wp-json\/wp\/v2\/pages\/822","targetHints":{"allow":["GET"]}}],"collection":[{"href":"https:\/\/www.progel-engineering.it\/de\/wp-json\/wp\/v2\/pages"}],"about":[{"href":"https:\/\/www.progel-engineering.it\/de\/wp-json\/wp\/v2\/types\/page"}],"author":[{"embeddable":true,"href":"https:\/\/www.progel-engineering.it\/de\/wp-json\/wp\/v2\/users\/1"}],"replies":[{"embeddable":true,"href":"https:\/\/www.progel-engineering.it\/de\/wp-json\/wp\/v2\/comments?post=822"}],"version-history":[{"count":2,"href":"https:\/\/www.progel-engineering.it\/de\/wp-json\/wp\/v2\/pages\/822\/revisions"}],"predecessor-version":[{"id":824,"href":"https:\/\/www.progel-engineering.it\/de\/wp-json\/wp\/v2\/pages\/822\/revisions\/824"}],"wp:attachment":[{"href":"https:\/\/www.progel-engineering.it\/de\/wp-json\/wp\/v2\/media?parent=822"}],"curies":[{"name":"wp","href":"https:\/\/api.w.org\/{rel}","templated":true}]}}