{"id":255,"date":"2015-11-02T16:31:28","date_gmt":"2015-11-02T15:31:28","guid":{"rendered":"http:\/\/www.progel-engineering.it\/de\/?page_id=255"},"modified":"2015-12-22T16:12:38","modified_gmt":"2015-12-22T15:12:38","slug":"produktion","status":"publish","type":"page","link":"https:\/\/www.progel-engineering.it\/de\/produkte-und-leistungen\/produktion\/","title":{"rendered":"Produktion"},"content":{"rendered":"<p><img loading=\"lazy\" decoding=\"async\" class=\"alignleft size-medium wp-image-250\" src=\"http:\/\/www.progel-engineering.it\/wp-content\/uploads\/2015\/10\/production-300x224.png\" alt=\"production\" width=\"300\" height=\"224\" srcset=\"https:\/\/www.progel-engineering.it\/wp-content\/uploads\/2015\/10\/production-300x224.png 300w, https:\/\/www.progel-engineering.it\/wp-content\/uploads\/2015\/10\/production.png 480w\" sizes=\"auto, (max-width: 300px) 100vw, 300px\" \/><\/p>\n<p>Das Unternehmen liefert <strong>vollst\u00e4ndig montierte <\/strong>und gepr\u00fcfte <strong>Platinen und elektronische Bauteile<\/strong>, die bereits \u00fcber eine <strong>individuelle Verpackung <\/strong>verf\u00fcgen.<\/p>\n<p>Was die Branche der Medizinprodukte betrifft, garantieren wir die <strong>R\u00fcckverfolgbarkeit von Produkt<\/strong> und Bauteil und k\u00f6nnen Bearbeitungen, <strong>Tests und eine gezielte Beschichtung <\/strong>nach <strong>ISO 8<\/strong> ausf\u00fchren.<\/p>\n<p>Betriebsintern entwickeln und verf\u00fcgen wir \u00fcber <strong>ma\u00dfgeschneiderte Pr\u00fcf- und Belastungssysteme <\/strong>mit Funktionen f\u00fcr das Reporting bez\u00fcglich der <strong>Pr\u00fcfzyklen<\/strong>.<\/p>\n<p>Wenn erforderlich arbeiten wir T\u00e4tigkeiten f\u00fcr <strong>gr\u00fcndliche Tests <\/strong>oder<strong> zerst\u00f6rende Pr\u00fcfungen<\/strong> aus, die f\u00fcr die Produktion geplant werden.<\/p>\n","protected":false},"excerpt":{"rendered":"<p>Das Unternehmen liefert vollst\u00e4ndig montierte und gepr\u00fcfte Platinen und elektronische Bauteile, die bereits \u00fcber eine individuelle Verpackung verf\u00fcgen. Was die Branche der Medizinprodukte betrifft, garantieren wir die R\u00fcckverfolgbarkeit von Produkt und Bauteil und k\u00f6nnen Bearbeitungen, Tests und eine gezielte Beschichtung nach ISO 8 ausf\u00fchren. Betriebsintern entwickeln und verf\u00fcgen wir \u00fcber ma\u00dfgeschneiderte Pr\u00fcf- und Belastungssysteme mit [&hellip;]<\/p>\n","protected":false},"author":1,"featured_media":99,"parent":176,"menu_order":0,"comment_status":"closed","ping_status":"closed","template":"","meta":{"_acf_changed":false,"footnotes":""},"class_list":["post-255","page","type-page","status-publish","has-post-thumbnail","hentry"],"acf":[],"_links":{"self":[{"href":"https:\/\/www.progel-engineering.it\/de\/wp-json\/wp\/v2\/pages\/255","targetHints":{"allow":["GET"]}}],"collection":[{"href":"https:\/\/www.progel-engineering.it\/de\/wp-json\/wp\/v2\/pages"}],"about":[{"href":"https:\/\/www.progel-engineering.it\/de\/wp-json\/wp\/v2\/types\/page"}],"author":[{"embeddable":true,"href":"https:\/\/www.progel-engineering.it\/de\/wp-json\/wp\/v2\/users\/1"}],"replies":[{"embeddable":true,"href":"https:\/\/www.progel-engineering.it\/de\/wp-json\/wp\/v2\/comments?post=255"}],"version-history":[{"count":4,"href":"https:\/\/www.progel-engineering.it\/de\/wp-json\/wp\/v2\/pages\/255\/revisions"}],"predecessor-version":[{"id":385,"href":"https:\/\/www.progel-engineering.it\/de\/wp-json\/wp\/v2\/pages\/255\/revisions\/385"}],"up":[{"embeddable":true,"href":"https:\/\/www.progel-engineering.it\/de\/wp-json\/wp\/v2\/pages\/176"}],"wp:featuredmedia":[{"embeddable":true,"href":"https:\/\/www.progel-engineering.it\/de\/wp-json\/wp\/v2\/media\/99"}],"wp:attachment":[{"href":"https:\/\/www.progel-engineering.it\/de\/wp-json\/wp\/v2\/media?parent=255"}],"curies":[{"name":"wp","href":"https:\/\/api.w.org\/{rel}","templated":true}]}}