{"id":242,"date":"2015-11-02T16:19:45","date_gmt":"2015-11-02T15:19:45","guid":{"rendered":"http:\/\/www.progel-engineering.it\/de\/?page_id=242"},"modified":"2015-12-22T16:15:49","modified_gmt":"2015-12-22T15:15:49","slug":"elektronischer-prototypenbau","status":"publish","type":"page","link":"https:\/\/www.progel-engineering.it\/de\/produkte-und-leistungen\/prototypenbau\/elektronischer-prototypenbau\/","title":{"rendered":"Elektronischer Prototypenbau"},"content":{"rendered":"<p><img loading=\"lazy\" decoding=\"async\" class=\"alignleft size-medium wp-image-238\" src=\"http:\/\/www.progel-engineering.it\/wp-content\/uploads\/2015\/10\/progel-300x169.jpeg\" alt=\"progel\" width=\"300\" height=\"169\" srcset=\"https:\/\/www.progel-engineering.it\/wp-content\/uploads\/2015\/10\/progel-300x169.jpeg 300w, https:\/\/www.progel-engineering.it\/wp-content\/uploads\/2015\/10\/progel.jpeg 480w\" sizes=\"auto, (max-width: 300px) 100vw, 300px\" \/><\/p>\n<p>Wir sind in der Lage, mit <strong>Multilayer-Technologie, flexibler Technologie, auf Metalloberfl\u00e4chen,<\/strong> <strong>mit<\/strong> <strong>BGA, IMS, speziellen Layern f\u00fcr Switching oder Hochfrequenz<\/strong> <strong>Prototypen<\/strong> zu entwickeln.<\/p>\n<p>Wir entwickeln und produzieren <strong>elektronische Platinen,<\/strong> die f\u00fcr den <strong>Schaltungstest <\/strong>ausgelegt sind.<\/p>\n<p>Wir k\u00fcmmern uns um die <strong>Optimierung der Produkte <\/strong>und entwickeln betriebsintern, zusammen mit dem Kunden, <strong>Pr\u00fcft\u00e4tigkeiten <\/strong>im Labor,<strong> Pre-Compliance-Tests<\/strong> und die Validierung.<\/p>\n<p>Wir f\u00fchren die <strong>Projektrevision <\/strong>durch und erstellen die abschlie\u00dfende Dokumentation.<\/p>\n","protected":false},"excerpt":{"rendered":"<p>Wir sind in der Lage, mit Multilayer-Technologie, flexibler Technologie, auf Metalloberfl\u00e4chen, mit BGA, IMS, speziellen Layern f\u00fcr Switching oder Hochfrequenz Prototypen zu entwickeln. Wir entwickeln und produzieren elektronische Platinen, die f\u00fcr den Schaltungstest ausgelegt sind. Wir k\u00fcmmern uns um die Optimierung der Produkte und entwickeln betriebsintern, zusammen mit dem Kunden, Pr\u00fcft\u00e4tigkeiten im Labor, Pre-Compliance-Tests und [&hellip;]<\/p>\n","protected":false},"author":1,"featured_media":96,"parent":236,"menu_order":0,"comment_status":"closed","ping_status":"closed","template":"","meta":{"_acf_changed":false,"footnotes":""},"class_list":["post-242","page","type-page","status-publish","has-post-thumbnail","hentry"],"acf":[],"_links":{"self":[{"href":"https:\/\/www.progel-engineering.it\/de\/wp-json\/wp\/v2\/pages\/242","targetHints":{"allow":["GET"]}}],"collection":[{"href":"https:\/\/www.progel-engineering.it\/de\/wp-json\/wp\/v2\/pages"}],"about":[{"href":"https:\/\/www.progel-engineering.it\/de\/wp-json\/wp\/v2\/types\/page"}],"author":[{"embeddable":true,"href":"https:\/\/www.progel-engineering.it\/de\/wp-json\/wp\/v2\/users\/1"}],"replies":[{"embeddable":true,"href":"https:\/\/www.progel-engineering.it\/de\/wp-json\/wp\/v2\/comments?post=242"}],"version-history":[{"count":3,"href":"https:\/\/www.progel-engineering.it\/de\/wp-json\/wp\/v2\/pages\/242\/revisions"}],"predecessor-version":[{"id":388,"href":"https:\/\/www.progel-engineering.it\/de\/wp-json\/wp\/v2\/pages\/242\/revisions\/388"}],"up":[{"embeddable":true,"href":"https:\/\/www.progel-engineering.it\/de\/wp-json\/wp\/v2\/pages\/236"}],"wp:featuredmedia":[{"embeddable":true,"href":"https:\/\/www.progel-engineering.it\/de\/wp-json\/wp\/v2\/media\/96"}],"wp:attachment":[{"href":"https:\/\/www.progel-engineering.it\/de\/wp-json\/wp\/v2\/media?parent=242"}],"curies":[{"name":"wp","href":"https:\/\/api.w.org\/{rel}","templated":true}]}}