{"id":230,"date":"2015-11-02T16:14:04","date_gmt":"2015-11-02T15:14:04","guid":{"rendered":"http:\/\/www.progel-engineering.it\/de\/?page_id=230"},"modified":"2015-12-22T16:10:17","modified_gmt":"2015-12-22T15:10:17","slug":"software","status":"publish","type":"page","link":"https:\/\/www.progel-engineering.it\/de\/produkte-und-leistungen\/software\/","title":{"rendered":"Software"},"content":{"rendered":"<p><img loading=\"lazy\" decoding=\"async\" class=\"alignleft wp-image-226 size-medium\" src=\"http:\/\/www.progel-engineering.it\/wp-content\/uploads\/2015\/10\/software1-300x201.jpeg\" alt=\"software\" width=\"300\" height=\"201\" srcset=\"https:\/\/www.progel-engineering.it\/wp-content\/uploads\/2015\/10\/software1-300x201.jpeg 300w, https:\/\/www.progel-engineering.it\/wp-content\/uploads\/2015\/10\/software1.jpeg 480w\" sizes=\"auto, (max-width: 300px) 100vw, 300px\" \/><\/p>\n<p>Unser Team arbeitet in \u00dcbereinstimmung mit den Forderungen der <strong>ISO 62304<\/strong> und wird dabei von modernsten Laborger\u00e4ten und <strong>Softwareentwicklungssystemen<\/strong> unterst\u00fctzt.<\/p>\n<p>Unsere Erfahrung umfasst:<\/p>\n<ul>\n<li>ARM f\u00fcr eingebettete Ger\u00e4te<\/li>\n<li>Microsoft Visual Studio<\/li>\n<li>C, C++<\/li>\n<li>DSP und Microcontroller<\/li>\n<li>RF- \/ IR-Applikationen: Codierung \/ Decodierung \/ Filterung<\/li>\n<li>Bewegungssteuerung<\/li>\n<\/ul>\n<p>Unsere <strong>Hardware- und Simulationslabors <\/strong>stellen in der <strong>Testphase der Software<\/strong> einen wichtigen Mehrwert dar.<\/p>\n<p>Der wichtigste Mehrwert besteht in unserer Gewohnheit, in engem Kontakt mit den Mitarbeitern des Kunden zu arbeiten.<\/p>\n<p>&nbsp;<\/p>\n","protected":false},"excerpt":{"rendered":"<p>Unser Team arbeitet in \u00dcbereinstimmung mit den Forderungen der ISO 62304 und wird dabei von modernsten Laborger\u00e4ten und Softwareentwicklungssystemen unterst\u00fctzt. Unsere Erfahrung umfasst: ARM f\u00fcr eingebettete Ger\u00e4te Microsoft Visual Studio C, C++ DSP und Microcontroller RF- \/ IR-Applikationen: Codierung \/ Decodierung \/ Filterung Bewegungssteuerung Unsere Hardware- und Simulationslabors stellen in der Testphase der Software einen [&hellip;]<\/p>\n","protected":false},"author":1,"featured_media":102,"parent":176,"menu_order":0,"comment_status":"closed","ping_status":"closed","template":"","meta":{"_acf_changed":false,"footnotes":""},"class_list":["post-230","page","type-page","status-publish","has-post-thumbnail","hentry"],"acf":[],"_links":{"self":[{"href":"https:\/\/www.progel-engineering.it\/de\/wp-json\/wp\/v2\/pages\/230","targetHints":{"allow":["GET"]}}],"collection":[{"href":"https:\/\/www.progel-engineering.it\/de\/wp-json\/wp\/v2\/pages"}],"about":[{"href":"https:\/\/www.progel-engineering.it\/de\/wp-json\/wp\/v2\/types\/page"}],"author":[{"embeddable":true,"href":"https:\/\/www.progel-engineering.it\/de\/wp-json\/wp\/v2\/users\/1"}],"replies":[{"embeddable":true,"href":"https:\/\/www.progel-engineering.it\/de\/wp-json\/wp\/v2\/comments?post=230"}],"version-history":[{"count":4,"href":"https:\/\/www.progel-engineering.it\/de\/wp-json\/wp\/v2\/pages\/230\/revisions"}],"predecessor-version":[{"id":378,"href":"https:\/\/www.progel-engineering.it\/de\/wp-json\/wp\/v2\/pages\/230\/revisions\/378"}],"up":[{"embeddable":true,"href":"https:\/\/www.progel-engineering.it\/de\/wp-json\/wp\/v2\/pages\/176"}],"wp:featuredmedia":[{"embeddable":true,"href":"https:\/\/www.progel-engineering.it\/de\/wp-json\/wp\/v2\/media\/102"}],"wp:attachment":[{"href":"https:\/\/www.progel-engineering.it\/de\/wp-json\/wp\/v2\/media?parent=230"}],"curies":[{"name":"wp","href":"https:\/\/api.w.org\/{rel}","templated":true}]}}