{"id":223,"date":"2015-11-02T16:08:55","date_gmt":"2015-11-02T15:08:55","guid":{"rendered":"http:\/\/www.progel-engineering.it\/de\/?page_id=223"},"modified":"2015-12-22T16:06:31","modified_gmt":"2015-12-22T15:06:31","slug":"elektronisches-engineering","status":"publish","type":"page","link":"https:\/\/www.progel-engineering.it\/de\/produkte-und-leistungen\/elektronisches-engineering\/","title":{"rendered":"Elektronisches Engineering"},"content":{"rendered":"<p><img loading=\"lazy\" decoding=\"async\" class=\"alignleft size-medium wp-image-219\" src=\"http:\/\/www.progel-engineering.it\/wp-content\/uploads\/2015\/10\/electronics1-300x200.jpeg\" alt=\"electronics\" width=\"300\" height=\"200\" srcset=\"https:\/\/www.progel-engineering.it\/wp-content\/uploads\/2015\/10\/electronics1-300x200.jpeg 300w, https:\/\/www.progel-engineering.it\/wp-content\/uploads\/2015\/10\/electronics1.jpeg 480w\" sizes=\"auto, (max-width: 300px) 100vw, 300px\" \/><\/p>\n<p>Die <strong>Entwicklung von elektronischen Bauteilen f\u00fcr elektromedizinische Ger\u00e4te <\/strong>ist unser Kerngesch\u00e4ft.<\/p>\n<p>Wir sind auf die Entwicklung elektronischer Komponenten spezialisiert f\u00fcr:<\/p>\n<ul>\n<li>Leistungssteuerungen<\/li>\n<li>Motortreiber und Positionierung<\/li>\n<li>Telekommunikation<\/li>\n<li>Bedienfelder<\/li>\n<li>Batterieladeger\u00e4te und BMS<\/li>\n<li>Niederspannungssysteme<\/li>\n<li>Datenerfassung<\/li>\n<\/ul>\n<p>Unsere Teams besitzen auch bez\u00fcglich <strong>EMV-Aspekten<\/strong> f\u00fcr <strong>elektromedizinische Leistungsger\u00e4te <\/strong>reichlich Erfahrung.<\/p>\n","protected":false},"excerpt":{"rendered":"<p>Die Entwicklung von elektronischen Bauteilen f\u00fcr elektromedizinische Ger\u00e4te ist unser Kerngesch\u00e4ft. Wir sind auf die Entwicklung elektronischer Komponenten spezialisiert f\u00fcr: Leistungssteuerungen Motortreiber und Positionierung Telekommunikation Bedienfelder Batterieladeger\u00e4te und BMS Niederspannungssysteme Datenerfassung Unsere Teams besitzen auch bez\u00fcglich EMV-Aspekten f\u00fcr elektromedizinische Leistungsger\u00e4te reichlich Erfahrung.<\/p>\n","protected":false},"author":1,"featured_media":95,"parent":176,"menu_order":0,"comment_status":"closed","ping_status":"closed","template":"","meta":{"_acf_changed":false,"footnotes":""},"class_list":["post-223","page","type-page","status-publish","has-post-thumbnail","hentry"],"acf":[],"_links":{"self":[{"href":"https:\/\/www.progel-engineering.it\/de\/wp-json\/wp\/v2\/pages\/223","targetHints":{"allow":["GET"]}}],"collection":[{"href":"https:\/\/www.progel-engineering.it\/de\/wp-json\/wp\/v2\/pages"}],"about":[{"href":"https:\/\/www.progel-engineering.it\/de\/wp-json\/wp\/v2\/types\/page"}],"author":[{"embeddable":true,"href":"https:\/\/www.progel-engineering.it\/de\/wp-json\/wp\/v2\/users\/1"}],"replies":[{"embeddable":true,"href":"https:\/\/www.progel-engineering.it\/de\/wp-json\/wp\/v2\/comments?post=223"}],"version-history":[{"count":4,"href":"https:\/\/www.progel-engineering.it\/de\/wp-json\/wp\/v2\/pages\/223\/revisions"}],"predecessor-version":[{"id":376,"href":"https:\/\/www.progel-engineering.it\/de\/wp-json\/wp\/v2\/pages\/223\/revisions\/376"}],"up":[{"embeddable":true,"href":"https:\/\/www.progel-engineering.it\/de\/wp-json\/wp\/v2\/pages\/176"}],"wp:featuredmedia":[{"embeddable":true,"href":"https:\/\/www.progel-engineering.it\/de\/wp-json\/wp\/v2\/media\/95"}],"wp:attachment":[{"href":"https:\/\/www.progel-engineering.it\/de\/wp-json\/wp\/v2\/media?parent=223"}],"curies":[{"name":"wp","href":"https:\/\/api.w.org\/{rel}","templated":true}]}}