{"id":217,"date":"2015-11-02T15:59:44","date_gmt":"2015-11-02T14:59:44","guid":{"rendered":"http:\/\/www.progel-engineering.it\/de\/?page_id=217"},"modified":"2015-12-22T18:21:29","modified_gmt":"2015-12-22T17:21:29","slug":"industrie","status":"publish","type":"page","link":"https:\/\/www.progel-engineering.it\/de\/produkte-und-leistungen\/engineering\/industrie\/","title":{"rendered":"Industrie"},"content":{"rendered":"<p><img loading=\"lazy\" decoding=\"async\" class=\"alignleft size-medium wp-image-213\" src=\"http:\/\/www.progel-engineering.it\/wp-content\/uploads\/2015\/10\/industrial-300x201.jpeg\" alt=\"industrial\" width=\"300\" height=\"201\" srcset=\"https:\/\/www.progel-engineering.it\/wp-content\/uploads\/2015\/10\/industrial-300x201.jpeg 300w, https:\/\/www.progel-engineering.it\/wp-content\/uploads\/2015\/10\/industrial.jpeg 480w\" sizes=\"auto, (max-width: 300px) 100vw, 300px\" \/><\/p>\n<p>Die Anwendung unseres Know-hows in der Industrie betrifft Technologien f\u00fcr die Messung und Steuerung von Prozessvariablen.<\/p>\n<p>Wir entwickeln <strong>Prozesssteuerungssysteme <\/strong>f\u00fcr Technologien wie:<\/p>\n<ul>\n<li>Zubereitung von Gemischen, Fl\u00fcssigkeiten und Feststoffen<\/li>\n<li>Batch-Systeme<\/li>\n<li>Durchflusssteuerungen<\/li>\n<li>Hochvakuumprozesse<\/li>\n<\/ul>\n","protected":false},"excerpt":{"rendered":"<p>Die Anwendung unseres Know-hows in der Industrie betrifft Technologien f\u00fcr die Messung und Steuerung von Prozessvariablen. Wir entwickeln Prozesssteuerungssysteme f\u00fcr Technologien wie: Zubereitung von Gemischen, Fl\u00fcssigkeiten und Feststoffen Batch-Systeme Durchflusssteuerungen Hochvakuumprozesse<\/p>\n","protected":false},"author":1,"featured_media":0,"parent":198,"menu_order":0,"comment_status":"closed","ping_status":"closed","template":"","meta":{"_acf_changed":false,"footnotes":""},"class_list":["post-217","page","type-page","status-publish","hentry"],"acf":[],"_links":{"self":[{"href":"https:\/\/www.progel-engineering.it\/de\/wp-json\/wp\/v2\/pages\/217","targetHints":{"allow":["GET"]}}],"collection":[{"href":"https:\/\/www.progel-engineering.it\/de\/wp-json\/wp\/v2\/pages"}],"about":[{"href":"https:\/\/www.progel-engineering.it\/de\/wp-json\/wp\/v2\/types\/page"}],"author":[{"embeddable":true,"href":"https:\/\/www.progel-engineering.it\/de\/wp-json\/wp\/v2\/users\/1"}],"replies":[{"embeddable":true,"href":"https:\/\/www.progel-engineering.it\/de\/wp-json\/wp\/v2\/comments?post=217"}],"version-history":[{"count":7,"href":"https:\/\/www.progel-engineering.it\/de\/wp-json\/wp\/v2\/pages\/217\/revisions"}],"predecessor-version":[{"id":399,"href":"https:\/\/www.progel-engineering.it\/de\/wp-json\/wp\/v2\/pages\/217\/revisions\/399"}],"up":[{"embeddable":true,"href":"https:\/\/www.progel-engineering.it\/de\/wp-json\/wp\/v2\/pages\/198"}],"wp:attachment":[{"href":"https:\/\/www.progel-engineering.it\/de\/wp-json\/wp\/v2\/media?parent=217"}],"curies":[{"name":"wp","href":"https:\/\/api.w.org\/{rel}","templated":true}]}}