{"id":211,"date":"2015-11-02T15:55:16","date_gmt":"2015-11-02T14:55:16","guid":{"rendered":"http:\/\/www.progel-engineering.it\/de\/?page_id=211"},"modified":"2024-06-11T09:03:03","modified_gmt":"2024-06-11T07:03:03","slug":"pharmatechnik","status":"publish","type":"page","link":"https:\/\/www.progel-engineering.it\/de\/produkte-und-leistungen\/engineering\/pharmatechnik\/","title":{"rendered":"Pharmatechnik"},"content":{"rendered":"<p><img loading=\"lazy\" decoding=\"async\" class=\"alignleft size-medium wp-image-207\" src=\"https:\/\/www.progel-engineering.it\/wp-content\/uploads\/2015\/10\/farmaceutica-300x200.jpeg\" alt=\"farmaceutica\" width=\"300\" height=\"200\" srcset=\"https:\/\/www.progel-engineering.it\/wp-content\/uploads\/2015\/10\/farmaceutica-300x200.jpeg 300w, https:\/\/www.progel-engineering.it\/wp-content\/uploads\/2015\/10\/farmaceutica.jpeg 480w\" sizes=\"auto, (max-width: 300px) 100vw, 300px\" \/><\/p>\n<p>Die GMP-Verfahren dienen uns als Standard und unsere Kompetenzen bei der <strong>Steuerung von Zubereitungs- und Dosierprozessen <\/strong>sind das Ergebnis jahrzehntelanger Erfahrung.<\/p>\n<p>Wir entwickeln und realisieren <strong>elektrische Systeme <\/strong>f\u00fcr Zubereitungs-, Aufbereitungs- und Verarbeitungsanlagen gem\u00e4\u00df <strong>GAMP 5<\/strong>.<br \/>\nUnsere Kompetenzen bez\u00fcglich der Prozesssteuerung kommen zum Beispiel bei folgenden Technologien zur Anwendung:<\/p>\n<ul>\n<li>Reaktoren<\/li>\n<li>Thermischen Prozessen<\/li>\n<li>Vakuumprozessen<\/li>\n<li>Packaging<\/li>\n<\/ul>\n","protected":false},"excerpt":{"rendered":"<p>Die GMP-Verfahren dienen uns als Standard und unsere Kompetenzen bei der Steuerung von Zubereitungs- und Dosierprozessen sind das Ergebnis jahrzehntelanger Erfahrung. Wir entwickeln und realisieren elektrische Systeme f\u00fcr Zubereitungs-, Aufbereitungs- und Verarbeitungsanlagen gem\u00e4\u00df GAMP 5. Unsere Kompetenzen bez\u00fcglich der Prozesssteuerung kommen zum Beispiel bei folgenden Technologien zur Anwendung: Reaktoren Thermischen Prozessen Vakuumprozessen Packaging<\/p>\n","protected":false},"author":1,"featured_media":0,"parent":198,"menu_order":0,"comment_status":"closed","ping_status":"closed","template":"","meta":{"_acf_changed":false,"footnotes":""},"class_list":["post-211","page","type-page","status-publish","hentry"],"acf":[],"_links":{"self":[{"href":"https:\/\/www.progel-engineering.it\/de\/wp-json\/wp\/v2\/pages\/211","targetHints":{"allow":["GET"]}}],"collection":[{"href":"https:\/\/www.progel-engineering.it\/de\/wp-json\/wp\/v2\/pages"}],"about":[{"href":"https:\/\/www.progel-engineering.it\/de\/wp-json\/wp\/v2\/types\/page"}],"author":[{"embeddable":true,"href":"https:\/\/www.progel-engineering.it\/de\/wp-json\/wp\/v2\/users\/1"}],"replies":[{"embeddable":true,"href":"https:\/\/www.progel-engineering.it\/de\/wp-json\/wp\/v2\/comments?post=211"}],"version-history":[{"count":7,"href":"https:\/\/www.progel-engineering.it\/de\/wp-json\/wp\/v2\/pages\/211\/revisions"}],"predecessor-version":[{"id":4134,"href":"https:\/\/www.progel-engineering.it\/de\/wp-json\/wp\/v2\/pages\/211\/revisions\/4134"}],"up":[{"embeddable":true,"href":"https:\/\/www.progel-engineering.it\/de\/wp-json\/wp\/v2\/pages\/198"}],"wp:attachment":[{"href":"https:\/\/www.progel-engineering.it\/de\/wp-json\/wp\/v2\/media?parent=211"}],"curies":[{"name":"wp","href":"https:\/\/api.w.org\/{rel}","templated":true}]}}