{"id":204,"date":"2015-11-02T15:48:22","date_gmt":"2015-11-02T14:48:22","guid":{"rendered":"http:\/\/www.progel-engineering.it\/de\/?page_id=204"},"modified":"2015-12-22T18:21:40","modified_gmt":"2015-12-22T17:21:40","slug":"medizintechnik","status":"publish","type":"page","link":"https:\/\/www.progel-engineering.it\/de\/produkte-und-leistungen\/engineering\/medizintechnik\/","title":{"rendered":"Medizintechnik"},"content":{"rendered":"<p><img loading=\"lazy\" decoding=\"async\" class=\"alignleft size-medium wp-image-200\" src=\"http:\/\/www.progel-engineering.it\/wp-content\/uploads\/2015\/10\/medical-devices-300x180.jpeg\" alt=\"medical-devices\" width=\"300\" height=\"180\" srcset=\"https:\/\/www.progel-engineering.it\/wp-content\/uploads\/2015\/10\/medical-devices-300x180.jpeg 300w, https:\/\/www.progel-engineering.it\/wp-content\/uploads\/2015\/10\/medical-devices.jpeg 480w\" sizes=\"auto, (max-width: 300px) 100vw, 300px\" \/><\/p>\n<p>Unsere Herangehensweise ist bereits ab dem Moment der Festlegung der Benutzervorgaben mit dem Kunden methodisch.<br \/>\nWir verf\u00fcgen \u00fcber eine langj\u00e4hrige Erfahrung auf dem Gebiet der <strong>Entwicklung von elektronischen Bauteilen <\/strong>und deren Integration in <strong>mechanische Systeme.<\/strong><br \/>\nUnser Team dimensioniert, testet und optimiert <strong>kinematische Ketten <\/strong>f\u00fcr Mikrobewegungen oder hochdynamische Systeme.<\/p>\n<p>In der Engineering-Phase werden alle Schritte bez\u00fcglich der GMP f\u00fcr die Entwicklung von Medizinprodukten ber\u00fccksichtigt.<br \/>\nBereits ab Projektbeginn werden die Normen CEI und ISO 14971:2009 befolgt.<\/p>\n<p>Das Unternehmen kann auf betriebsinterne Fachkenntnisse bez\u00fcglich <strong>elektrisch <\/strong>oder<strong> \u00f6lhydraulisch servounterst\u00fctzter Produkte, Mess- und Erfassungssystemen, tragbarer Ger\u00e4te <\/strong>mit besonderen Eigenschaften hinsichtlich Benutzerfreundlichkeit und Laufzeit sowie Ger\u00e4ten f\u00fcr erschwerte Einsatzbedingungen z\u00e4hlen.<\/p>\n<p>Dank unserer mehrj\u00e4hrigen T\u00e4tigkeit konnten wir die Zusammenarbeit mit einem Netzwerk von externen Labors festigen, die Leistungen f\u00fcr <strong>Belastungs-, Dichtheits- und Erm\u00fcdungspr\u00fcfungen<\/strong>, Typpr\u00fcfungen, Pre-Compliance-Tests und Compliance-Tests gem\u00e4\u00df der Norm CEI EN 60601-1 und eventueller Erg\u00e4nzungen anbieten.<\/p>\n<p>Die Engineering-T\u00e4tigkeit endet nicht mit der Fertigstellung des Produkts, sondern wird je nach den Zielen und W\u00fcnschen des Kunden fortgesetzt mit:<\/p>\n<ul>\n<li>Engineering von Montage- und Pr\u00fcfsystemen<\/li>\n<li>Automation des Produktionsprozesses<\/li>\n<li>Lebenszyklusmanagement und Produktoptimierung<\/li>\n<li>Technologischer Aktualisierung und Obsoleszenz\u00fcberwachung<\/li>\n<\/ul>\n<p>Die Zertifizierungen nach ISO 9001 und ISO 13485 sind die nat\u00fcrliche Kr\u00f6nung unserer Arbeitsweise.<\/p>\n","protected":false},"excerpt":{"rendered":"<p>Unsere Herangehensweise ist bereits ab dem Moment der Festlegung der Benutzervorgaben mit dem Kunden methodisch. Wir verf\u00fcgen \u00fcber eine langj\u00e4hrige Erfahrung auf dem Gebiet der Entwicklung von elektronischen Bauteilen und deren Integration in mechanische Systeme. Unser Team dimensioniert, testet und optimiert kinematische Ketten f\u00fcr Mikrobewegungen oder hochdynamische Systeme. In der Engineering-Phase werden alle Schritte bez\u00fcglich [&hellip;]<\/p>\n","protected":false},"author":1,"featured_media":0,"parent":198,"menu_order":0,"comment_status":"closed","ping_status":"closed","template":"","meta":{"_acf_changed":false,"footnotes":""},"class_list":["post-204","page","type-page","status-publish","hentry"],"acf":[],"_links":{"self":[{"href":"https:\/\/www.progel-engineering.it\/de\/wp-json\/wp\/v2\/pages\/204","targetHints":{"allow":["GET"]}}],"collection":[{"href":"https:\/\/www.progel-engineering.it\/de\/wp-json\/wp\/v2\/pages"}],"about":[{"href":"https:\/\/www.progel-engineering.it\/de\/wp-json\/wp\/v2\/types\/page"}],"author":[{"embeddable":true,"href":"https:\/\/www.progel-engineering.it\/de\/wp-json\/wp\/v2\/users\/1"}],"replies":[{"embeddable":true,"href":"https:\/\/www.progel-engineering.it\/de\/wp-json\/wp\/v2\/comments?post=204"}],"version-history":[{"count":9,"href":"https:\/\/www.progel-engineering.it\/de\/wp-json\/wp\/v2\/pages\/204\/revisions"}],"predecessor-version":[{"id":400,"href":"https:\/\/www.progel-engineering.it\/de\/wp-json\/wp\/v2\/pages\/204\/revisions\/400"}],"up":[{"embeddable":true,"href":"https:\/\/www.progel-engineering.it\/de\/wp-json\/wp\/v2\/pages\/198"}],"wp:attachment":[{"href":"https:\/\/www.progel-engineering.it\/de\/wp-json\/wp\/v2\/media?parent=204"}],"curies":[{"name":"wp","href":"https:\/\/api.w.org\/{rel}","templated":true}]}}