{"id":198,"date":"2015-11-02T15:39:24","date_gmt":"2015-11-02T14:39:24","guid":{"rendered":"http:\/\/www.progel-engineering.it\/de\/?page_id=198"},"modified":"2015-12-22T16:00:16","modified_gmt":"2015-12-22T15:00:16","slug":"engineering","status":"publish","type":"page","link":"https:\/\/www.progel-engineering.it\/de\/produkte-und-leistungen\/engineering\/","title":{"rendered":"Engineering"},"content":{"rendered":"<p><img loading=\"lazy\" decoding=\"async\" class=\"alignleft size-medium wp-image-192\" src=\"http:\/\/www.progel-engineering.it\/wp-content\/uploads\/2015\/10\/engineering-300x200.jpeg\" alt=\"engineering\" width=\"300\" height=\"200\" srcset=\"https:\/\/www.progel-engineering.it\/wp-content\/uploads\/2015\/10\/engineering-300x200.jpeg 300w, https:\/\/www.progel-engineering.it\/wp-content\/uploads\/2015\/10\/engineering.jpeg 480w\" sizes=\"auto, (max-width: 300px) 100vw, 300px\" \/><\/p>\n<p>Die Firma Progel engineering kann sich einer jahrzehntelangen Erfahrung auf dem Gebiet von <strong>Engineering-T\u00e4tigkeiten<\/strong> mit kreativem Ansatz r\u00fchmen.<\/p>\n<p>Wir sind in der Lage, einen <strong>Engineering-Konstruktionsservice<\/strong> zu erbringen und k\u00fcmmern uns dabei um alle T\u00e4tigkeiten des Projektmanagements, beginnend bei den Konzepten bis hin zur Produktion mit anschlie\u00dfenden T\u00e4tigkeiten f\u00fcr die Verbesserung der Wettbewerbsf\u00e4higkeit und die kontinuierliche Verbesserung der Produktqualit\u00e4t.<\/p>\n<p>Unsere besondere St\u00e4rke liegt im <strong>elektronischen Engineering<\/strong> und im <strong>Software-Engineering<\/strong>. Unsere kompetenten, talentierten Techniker besitzen auch auf dem Gebiet des mechanischen und industriellen Engineering eine langj\u00e4hrige Erfahrung.<\/p>\n","protected":false},"excerpt":{"rendered":"<p>Die Firma Progel engineering kann sich einer jahrzehntelangen Erfahrung auf dem Gebiet von Engineering-T\u00e4tigkeiten mit kreativem Ansatz r\u00fchmen. Wir sind in der Lage, einen Engineering-Konstruktionsservice zu erbringen und k\u00fcmmern uns dabei um alle T\u00e4tigkeiten des Projektmanagements, beginnend bei den Konzepten bis hin zur Produktion mit anschlie\u00dfenden T\u00e4tigkeiten f\u00fcr die Verbesserung der Wettbewerbsf\u00e4higkeit und die kontinuierliche [&hellip;]<\/p>\n","protected":false},"author":1,"featured_media":0,"parent":176,"menu_order":0,"comment_status":"closed","ping_status":"closed","template":"","meta":{"_acf_changed":false,"footnotes":""},"class_list":["post-198","page","type-page","status-publish","hentry"],"acf":[],"_links":{"self":[{"href":"https:\/\/www.progel-engineering.it\/de\/wp-json\/wp\/v2\/pages\/198","targetHints":{"allow":["GET"]}}],"collection":[{"href":"https:\/\/www.progel-engineering.it\/de\/wp-json\/wp\/v2\/pages"}],"about":[{"href":"https:\/\/www.progel-engineering.it\/de\/wp-json\/wp\/v2\/types\/page"}],"author":[{"embeddable":true,"href":"https:\/\/www.progel-engineering.it\/de\/wp-json\/wp\/v2\/users\/1"}],"replies":[{"embeddable":true,"href":"https:\/\/www.progel-engineering.it\/de\/wp-json\/wp\/v2\/comments?post=198"}],"version-history":[{"count":2,"href":"https:\/\/www.progel-engineering.it\/de\/wp-json\/wp\/v2\/pages\/198\/revisions"}],"predecessor-version":[{"id":374,"href":"https:\/\/www.progel-engineering.it\/de\/wp-json\/wp\/v2\/pages\/198\/revisions\/374"}],"up":[{"embeddable":true,"href":"https:\/\/www.progel-engineering.it\/de\/wp-json\/wp\/v2\/pages\/176"}],"wp:attachment":[{"href":"https:\/\/www.progel-engineering.it\/de\/wp-json\/wp\/v2\/media?parent=198"}],"curies":[{"name":"wp","href":"https:\/\/api.w.org\/{rel}","templated":true}]}}