{"id":190,"date":"2015-11-02T15:30:59","date_gmt":"2015-11-02T14:30:59","guid":{"rendered":"http:\/\/www.progel-engineering.it\/de\/?page_id=190"},"modified":"2015-12-22T15:59:43","modified_gmt":"2015-12-22T14:59:43","slug":"design","status":"publish","type":"page","link":"https:\/\/www.progel-engineering.it\/de\/produkte-und-leistungen\/design\/","title":{"rendered":"Design"},"content":{"rendered":"<p><img loading=\"lazy\" decoding=\"async\" class=\"alignleft wp-image-184 size-medium\" src=\"http:\/\/www.progel-engineering.it\/wp-content\/uploads\/2015\/10\/design_2-300x200.jpeg\" alt=\"design_2\" width=\"300\" height=\"200\" srcset=\"https:\/\/www.progel-engineering.it\/wp-content\/uploads\/2015\/10\/design_2-300x200.jpeg 300w, https:\/\/www.progel-engineering.it\/wp-content\/uploads\/2015\/10\/design_2.jpeg 320w\" sizes=\"auto, (max-width: 300px) 100vw, 300px\" \/><\/p>\n<p>Das Design eines technologisch wertvollen Produkts ist oft das f\u00fcr den Erfolg auf dem Markt ausschlaggebende Element.<\/p>\n<p>Wie der Konsument nehmen auch wir die Zuverl\u00e4ssigkeit und die <strong>technologische Qualit\u00e4t eines Produkts <\/strong>als selbstverst\u00e4ndlich an.<\/p>\n<p>Daher stellen wir Aspekte in den Mittelpunkt, die mit dem menschlichen Faktor bei der Verwendung eines Medizinprodukts in Verbindung stehen, Aspekte hinsichtlich <strong>Ergonomie<\/strong>, <strong>D<strong>esign<\/strong><\/strong> und <strong>Benutzerfreundlichkeit<\/strong>.<\/p>\n<p>Eine Entwicklungst\u00e4tigkeit dieser Art setzt ein enges Co-Engineering mit dem Kunden voraus und muss alle modernsten Technologien f\u00fcr das <strong>Rendering, <\/strong><strong>die Modellierung <\/strong><strong>und den Prototypenbau <\/strong><strong>nutzen<\/strong><strong>.<\/strong><\/p>\n<p>F\u00fcr all diese T\u00e4tigkeiten k\u00f6nnen wir nicht nur auf unsere Mitarbeiter, sondern auch auf ein Netzwerk von B\u00fcros und Labors z\u00e4hlen, zu denen wir langj\u00e4hrige Beziehungen unterhalten.<\/p>\n<p>Unsere Mission beim Design eines neuen Produkts lautet, den Nutzer zufriedenzustellen, indem wir die mit dem Kunden geplante Vorlaufzeit einhalten, f\u00fcr Kosteng\u00fcnstigkeit des Produkts sorgen und den regulatorischen Aspekten h\u00f6chste Aufmerksamkeit widmen.<\/p>\n","protected":false},"excerpt":{"rendered":"<p>Das Design eines technologisch wertvollen Produkts ist oft das f\u00fcr den Erfolg auf dem Markt ausschlaggebende Element. Wie der Konsument nehmen auch wir die Zuverl\u00e4ssigkeit und die technologische Qualit\u00e4t eines Produkts als selbstverst\u00e4ndlich an. Daher stellen wir Aspekte in den Mittelpunkt, die mit dem menschlichen Faktor bei der Verwendung eines Medizinprodukts in Verbindung stehen, Aspekte [&hellip;]<\/p>\n","protected":false},"author":1,"featured_media":94,"parent":176,"menu_order":0,"comment_status":"closed","ping_status":"closed","template":"","meta":{"_acf_changed":false,"footnotes":""},"class_list":["post-190","page","type-page","status-publish","has-post-thumbnail","hentry"],"acf":[],"_links":{"self":[{"href":"https:\/\/www.progel-engineering.it\/de\/wp-json\/wp\/v2\/pages\/190","targetHints":{"allow":["GET"]}}],"collection":[{"href":"https:\/\/www.progel-engineering.it\/de\/wp-json\/wp\/v2\/pages"}],"about":[{"href":"https:\/\/www.progel-engineering.it\/de\/wp-json\/wp\/v2\/types\/page"}],"author":[{"embeddable":true,"href":"https:\/\/www.progel-engineering.it\/de\/wp-json\/wp\/v2\/users\/1"}],"replies":[{"embeddable":true,"href":"https:\/\/www.progel-engineering.it\/de\/wp-json\/wp\/v2\/comments?post=190"}],"version-history":[{"count":3,"href":"https:\/\/www.progel-engineering.it\/de\/wp-json\/wp\/v2\/pages\/190\/revisions"}],"predecessor-version":[{"id":373,"href":"https:\/\/www.progel-engineering.it\/de\/wp-json\/wp\/v2\/pages\/190\/revisions\/373"}],"up":[{"embeddable":true,"href":"https:\/\/www.progel-engineering.it\/de\/wp-json\/wp\/v2\/pages\/176"}],"wp:featuredmedia":[{"embeddable":true,"href":"https:\/\/www.progel-engineering.it\/de\/wp-json\/wp\/v2\/media\/94"}],"wp:attachment":[{"href":"https:\/\/www.progel-engineering.it\/de\/wp-json\/wp\/v2\/media?parent=190"}],"curies":[{"name":"wp","href":"https:\/\/api.w.org\/{rel}","templated":true}]}}