{"id":176,"date":"2015-11-02T15:19:15","date_gmt":"2015-11-02T14:19:15","guid":{"rendered":"http:\/\/www.progel-engineering.it\/de\/?page_id=176"},"modified":"2015-12-22T15:59:07","modified_gmt":"2015-12-22T14:59:07","slug":"produkte-und-leistungen","status":"publish","type":"page","link":"https:\/\/www.progel-engineering.it\/de\/produkte-und-leistungen\/","title":{"rendered":"Produkte und Leistungen"},"content":{"rendered":"<p><img loading=\"lazy\" decoding=\"async\" class=\"alignleft wp-image-66 size-medium\" src=\"http:\/\/www.progel-engineering.it\/wp-content\/uploads\/2015\/10\/servizi-300x225.jpeg\" alt=\"servizi\" width=\"300\" height=\"225\" srcset=\"https:\/\/www.progel-engineering.it\/wp-content\/uploads\/2015\/10\/servizi-300x225.jpeg 300w, https:\/\/www.progel-engineering.it\/wp-content\/uploads\/2015\/10\/servizi.jpeg 478w\" sizes=\"auto, (max-width: 300px) 100vw, 300px\" \/><\/p>\n<p>Wir entwickeln Projekte und \u00fcbernehmen die Produktion von <strong>elektronischen Bauteilen f\u00fcr Medizinprodukte<\/strong>.<\/p>\n<p>Unsere Kompetenzen bez\u00fcglich Design, Modellierung und Prototypenbau machen uns bei der <strong>Entwicklung kompletter Produkte<\/strong>, der Produktionsorganisation, der Produktion und den T\u00e4tigkeiten zur Verbesserung der Wettbewerbsf\u00e4higkeit h\u00f6chst konkurrenzf\u00e4hig.<\/p>\n<p>Dank unserer Erfahrung sind wir auch auf dem Gebiet von <strong>Pharma- und Industrieanlagen <\/strong>effizient und wettbewerbsf\u00e4hig, bei denen gewissenhafte Entwicklungsverfahren und strenge <strong>Produktions- und Validierungsmethoden <\/strong>gesch\u00e4tzt werden<\/p>\n","protected":false},"excerpt":{"rendered":"<p>Wir entwickeln Projekte und \u00fcbernehmen die Produktion von elektronischen Bauteilen f\u00fcr Medizinprodukte. Unsere Kompetenzen bez\u00fcglich Design, Modellierung und Prototypenbau machen uns bei der Entwicklung kompletter Produkte, der Produktionsorganisation, der Produktion und den T\u00e4tigkeiten zur Verbesserung der Wettbewerbsf\u00e4higkeit h\u00f6chst konkurrenzf\u00e4hig. Dank unserer Erfahrung sind wir auch auf dem Gebiet von Pharma- und Industrieanlagen effizient und wettbewerbsf\u00e4hig, [&hellip;]<\/p>\n","protected":false},"author":1,"featured_media":432,"parent":0,"menu_order":0,"comment_status":"closed","ping_status":"closed","template":"","meta":{"_acf_changed":false,"footnotes":""},"class_list":["post-176","page","type-page","status-publish","has-post-thumbnail","hentry"],"acf":[],"_links":{"self":[{"href":"https:\/\/www.progel-engineering.it\/de\/wp-json\/wp\/v2\/pages\/176","targetHints":{"allow":["GET"]}}],"collection":[{"href":"https:\/\/www.progel-engineering.it\/de\/wp-json\/wp\/v2\/pages"}],"about":[{"href":"https:\/\/www.progel-engineering.it\/de\/wp-json\/wp\/v2\/types\/page"}],"author":[{"embeddable":true,"href":"https:\/\/www.progel-engineering.it\/de\/wp-json\/wp\/v2\/users\/1"}],"replies":[{"embeddable":true,"href":"https:\/\/www.progel-engineering.it\/de\/wp-json\/wp\/v2\/comments?post=176"}],"version-history":[{"count":4,"href":"https:\/\/www.progel-engineering.it\/de\/wp-json\/wp\/v2\/pages\/176\/revisions"}],"predecessor-version":[{"id":372,"href":"https:\/\/www.progel-engineering.it\/de\/wp-json\/wp\/v2\/pages\/176\/revisions\/372"}],"wp:featuredmedia":[{"embeddable":true,"href":"https:\/\/www.progel-engineering.it\/de\/wp-json\/wp\/v2\/media\/432"}],"wp:attachment":[{"href":"https:\/\/www.progel-engineering.it\/de\/wp-json\/wp\/v2\/media?parent=176"}],"curies":[{"name":"wp","href":"https:\/\/api.w.org\/{rel}","templated":true}]}}