{"id":171,"date":"2015-11-02T15:12:12","date_gmt":"2015-11-02T14:12:12","guid":{"rendered":"http:\/\/www.progel-engineering.it\/de\/?page_id=171"},"modified":"2015-12-22T15:58:15","modified_gmt":"2015-12-22T14:58:15","slug":"produktionsprozess","status":"publish","type":"page","link":"https:\/\/www.progel-engineering.it\/de\/produktionsprozess\/","title":{"rendered":"Produktionsprozess"},"content":{"rendered":"<p>Dank einer pr\u00e4zisen Konstruktionsmethode sind wir effizient und k\u00f6nnen auf wettbewerbsf\u00e4hige Art und Weise kosteng\u00fcnstige Bauteile und <strong>elektromedizinische Ger\u00e4te, <\/strong>auch mit hoher Risikoklasse, entwickeln.<\/p>\n<p>Bei uns kommt ein <strong>V-Modell f\u00fcr Entwicklung, Prototypenbau, Produktionstechnik und Validierung<\/strong> zur Anwendung.<\/p>\n<p>Dieses Modell erlaubt uns, Aspekten wie der Abstimmung und Designpr\u00fcfung sowie dokumentenbezogenen und regulatorischen Aspekten h\u00f6chste Aufmerksamkeit zu widmen.<\/p>\n<p>Auf diese Weise k\u00f6nnen wir die folgende Phase der <strong>Massenproduktion<\/strong> korrekt planen.<\/p>\n<p>W\u00e4hrend der Produktion k\u00fcmmern wir uns auch um <strong>Projektaktualisierung, Lebenszyklusmanagement und Verbesserung der Wettbewerbsf\u00e4higkeit.<\/strong><\/p>\n<p>Wir sind nach<strong> ISO 9001<\/strong> und <strong>ISO 13485 <\/strong>zertifiziert und k\u00f6nnen uns einer hohen Kundenbindung r\u00fchmen.<\/p>\n<p>Eines der wichtigsten Markenzeichen unserer Prozesse ist die Vertraulichkeit.<\/p>\n","protected":false},"excerpt":{"rendered":"<p>Dank einer pr\u00e4zisen Konstruktionsmethode sind wir effizient und k\u00f6nnen auf wettbewerbsf\u00e4hige Art und Weise kosteng\u00fcnstige Bauteile und elektromedizinische Ger\u00e4te, auch mit hoher Risikoklasse, entwickeln. Bei uns kommt ein V-Modell f\u00fcr Entwicklung, Prototypenbau, Produktionstechnik und Validierung zur Anwendung. Dieses Modell erlaubt uns, Aspekten wie der Abstimmung und Designpr\u00fcfung sowie dokumentenbezogenen und regulatorischen Aspekten h\u00f6chste Aufmerksamkeit zu [&hellip;]<\/p>\n","protected":false},"author":1,"featured_media":434,"parent":0,"menu_order":0,"comment_status":"closed","ping_status":"closed","template":"","meta":{"_acf_changed":false,"footnotes":""},"class_list":["post-171","page","type-page","status-publish","has-post-thumbnail","hentry"],"acf":[],"_links":{"self":[{"href":"https:\/\/www.progel-engineering.it\/de\/wp-json\/wp\/v2\/pages\/171","targetHints":{"allow":["GET"]}}],"collection":[{"href":"https:\/\/www.progel-engineering.it\/de\/wp-json\/wp\/v2\/pages"}],"about":[{"href":"https:\/\/www.progel-engineering.it\/de\/wp-json\/wp\/v2\/types\/page"}],"author":[{"embeddable":true,"href":"https:\/\/www.progel-engineering.it\/de\/wp-json\/wp\/v2\/users\/1"}],"replies":[{"embeddable":true,"href":"https:\/\/www.progel-engineering.it\/de\/wp-json\/wp\/v2\/comments?post=171"}],"version-history":[{"count":3,"href":"https:\/\/www.progel-engineering.it\/de\/wp-json\/wp\/v2\/pages\/171\/revisions"}],"predecessor-version":[{"id":371,"href":"https:\/\/www.progel-engineering.it\/de\/wp-json\/wp\/v2\/pages\/171\/revisions\/371"}],"wp:featuredmedia":[{"embeddable":true,"href":"https:\/\/www.progel-engineering.it\/de\/wp-json\/wp\/v2\/media\/434"}],"wp:attachment":[{"href":"https:\/\/www.progel-engineering.it\/de\/wp-json\/wp\/v2\/media?parent=171"}],"curies":[{"name":"wp","href":"https:\/\/api.w.org\/{rel}","templated":true}]}}