{"id":152,"date":"2015-11-02T14:47:11","date_gmt":"2015-11-02T13:47:11","guid":{"rendered":"http:\/\/www.progel-engineering.it\/de\/?page_id=152"},"modified":"2015-12-22T15:52:09","modified_gmt":"2015-12-22T14:52:09","slug":"wer-wir-sind","status":"publish","type":"page","link":"https:\/\/www.progel-engineering.it\/de\/wer-wir-sind\/","title":{"rendered":"Wer wir sind"},"content":{"rendered":"<p>Wir sind eine nach <strong>ISO 9001<\/strong> und <strong>ISO 13485 zertifizierte Firma, <\/strong><strong>die auf die Entwicklung von<\/strong> <strong>Projekten und elektronischen Produkten <\/strong>f\u00fcr die Anwendung in unterschiedlichen <strong>Branchen<\/strong> wie der <strong>Medizin- <\/strong><strong>und Pharmatechnik<\/strong> und der <strong>Industrie<\/strong> spezialisiert ist.<\/p>\n<p>Die Firma st\u00fctzt sich auf eine solide Struktur und kann auf <strong>Hardware-\/Software-Spezialisten<\/strong> sowie auf<strong> Entwicklungs- <\/strong><strong>und Pr\u00fcflabors<\/strong> z\u00e4hlen. Dabei kommen die modernsten Technologien f\u00fcr Prozesse und neue Produkte zur Anwendung.<\/p>\n<p>Die Planung, Entwicklung und Individualisierung erfolgt in enger Zusammenarbeit mit dem Engineering-Team des Kunden und ab dem Moment der Festlegung der Spezifikationen und der Risikoanalyse bis hin zu den abschlie\u00dfenden Validierungen wird Teamarbeit praktiziert.<\/p>\n<p>Die Firma Progel engineering wendet w\u00e4hrend der Projektentwicklung und in der Produktion die strengsten Verfahren f\u00fcr das Qualit\u00e4tsmanagement und die kontinuierliche Produktverbesserung an.<\/p>\n<p>W\u00e4hrend der Produktion k\u00fcmmert sich Progel engineering um Feedback-Analysen, Qualit\u00e4tsverbesserung und technologische Aktualisierung.<\/p>\n<p>Auf diese Weise kann f\u00fcr das Produkt ein Lebenszyklus garantiert werden, der dessen Wettbewerbsf\u00e4higkeit unterstreicht.<\/p>\n","protected":false},"excerpt":{"rendered":"<p>Wir sind eine nach ISO 9001 und ISO 13485 zertifizierte Firma, die auf die Entwicklung von Projekten und elektronischen Produkten f\u00fcr die Anwendung in unterschiedlichen Branchen wie der Medizin- und Pharmatechnik und der Industrie spezialisiert ist. Die Firma st\u00fctzt sich auf eine solide Struktur und kann auf Hardware-\/Software-Spezialisten sowie auf Entwicklungs- und Pr\u00fcflabors z\u00e4hlen. Dabei [&hellip;]<\/p>\n","protected":false},"author":1,"featured_media":430,"parent":0,"menu_order":0,"comment_status":"closed","ping_status":"closed","template":"","meta":{"_acf_changed":false,"footnotes":""},"class_list":["post-152","page","type-page","status-publish","has-post-thumbnail","hentry"],"acf":[],"_links":{"self":[{"href":"https:\/\/www.progel-engineering.it\/de\/wp-json\/wp\/v2\/pages\/152","targetHints":{"allow":["GET"]}}],"collection":[{"href":"https:\/\/www.progel-engineering.it\/de\/wp-json\/wp\/v2\/pages"}],"about":[{"href":"https:\/\/www.progel-engineering.it\/de\/wp-json\/wp\/v2\/types\/page"}],"author":[{"embeddable":true,"href":"https:\/\/www.progel-engineering.it\/de\/wp-json\/wp\/v2\/users\/1"}],"replies":[{"embeddable":true,"href":"https:\/\/www.progel-engineering.it\/de\/wp-json\/wp\/v2\/comments?post=152"}],"version-history":[{"count":2,"href":"https:\/\/www.progel-engineering.it\/de\/wp-json\/wp\/v2\/pages\/152\/revisions"}],"predecessor-version":[{"id":366,"href":"https:\/\/www.progel-engineering.it\/de\/wp-json\/wp\/v2\/pages\/152\/revisions\/366"}],"wp:featuredmedia":[{"embeddable":true,"href":"https:\/\/www.progel-engineering.it\/de\/wp-json\/wp\/v2\/media\/430"}],"wp:attachment":[{"href":"https:\/\/www.progel-engineering.it\/de\/wp-json\/wp\/v2\/media?parent=152"}],"curies":[{"name":"wp","href":"https:\/\/api.w.org\/{rel}","templated":true}]}}