{"id":147,"date":"2015-11-02T14:42:35","date_gmt":"2015-11-02T13:42:35","guid":{"rendered":"http:\/\/www.progel-engineering.it\/de\/?page_id=147"},"modified":"2021-04-15T16:57:05","modified_gmt":"2021-04-15T14:57:05","slug":"zertifizierungen","status":"publish","type":"page","link":"https:\/\/www.progel-engineering.it\/de\/zertifizierungen\/","title":{"rendered":"Zertifizierungen"},"content":{"rendered":"<p>Wir sind nach dem Qualit\u00e4tssicherungssystem <strong>ISO 9001<\/strong> akkreditiert und arbeiten nach ISO 13485. Wir wenden f\u00fcr jeden unserer Prozesse strenge <strong>GMP-Methoden<\/strong> an.<\/p>\n<p>Unsere Methoden basieren auf dem Konzept der Erstellung und Aufbewahrung einer Historie, die den <strong>Projektfortschritt und \u00c4nderungen nach der Produktion<\/strong> dokumentiert.<\/p>\n<p><strong>Die Firma <\/strong><strong>Progel engineering<\/strong> unterh\u00e4lt Beziehungen zu mehreren <strong>vertraglich gebundenen Herstellern<\/strong>. Mit diesen Herstellern haben wir detaillierte Liefervorschriften festgelegt. Dar\u00fcber hinaus sind wir in der Lage zu beurteilen, welche vertraglich gebundenen Lieferanten den f\u00fcr die Produktion geforderten regulatorischen Aspekten sowie den weiteren Erwartungen des Kunden gerecht werden k\u00f6nnen.<\/p>\n<p><a class=\"btn btn-primary\" href=\"https:\/\/www.progel-engineering.it\/de\/qualitatsrichtlinie\/\">Qualit\u00e4tsrichtlinie<\/a> <a class=\"btn btn-primary\" href=\"http:\/\/www.progel-engineering.it\/wp-content\/uploads\/2021\/04\/ISO-9001-103867-2011-AQ-ITA-ACCREDIA-3-en-US-20200910-1599722523141.pdf\">ISO 9001 Zertifikat<\/a><\/p>\n","protected":false},"excerpt":{"rendered":"<p>Wir sind nach dem Qualit\u00e4tssicherungssystem ISO 9001 akkreditiert und arbeiten nach ISO 13485. Wir wenden f\u00fcr jeden unserer Prozesse strenge GMP-Methoden an. Unsere Methoden basieren auf dem Konzept der Erstellung und Aufbewahrung einer Historie, die den Projektfortschritt und \u00c4nderungen nach der Produktion dokumentiert. Die Firma Progel engineering unterh\u00e4lt Beziehungen zu mehreren vertraglich gebundenen Herstellern. Mit [&hellip;]<\/p>\n","protected":false},"author":1,"featured_media":438,"parent":0,"menu_order":0,"comment_status":"closed","ping_status":"closed","template":"","meta":{"_acf_changed":false,"footnotes":""},"class_list":["post-147","page","type-page","status-publish","has-post-thumbnail","hentry"],"acf":[],"_links":{"self":[{"href":"https:\/\/www.progel-engineering.it\/de\/wp-json\/wp\/v2\/pages\/147","targetHints":{"allow":["GET"]}}],"collection":[{"href":"https:\/\/www.progel-engineering.it\/de\/wp-json\/wp\/v2\/pages"}],"about":[{"href":"https:\/\/www.progel-engineering.it\/de\/wp-json\/wp\/v2\/types\/page"}],"author":[{"embeddable":true,"href":"https:\/\/www.progel-engineering.it\/de\/wp-json\/wp\/v2\/users\/1"}],"replies":[{"embeddable":true,"href":"https:\/\/www.progel-engineering.it\/de\/wp-json\/wp\/v2\/comments?post=147"}],"version-history":[{"count":10,"href":"https:\/\/www.progel-engineering.it\/de\/wp-json\/wp\/v2\/pages\/147\/revisions"}],"predecessor-version":[{"id":846,"href":"https:\/\/www.progel-engineering.it\/de\/wp-json\/wp\/v2\/pages\/147\/revisions\/846"}],"wp:featuredmedia":[{"embeddable":true,"href":"https:\/\/www.progel-engineering.it\/de\/wp-json\/wp\/v2\/media\/438"}],"wp:attachment":[{"href":"https:\/\/www.progel-engineering.it\/de\/wp-json\/wp\/v2\/media?parent=147"}],"curies":[{"name":"wp","href":"https:\/\/api.w.org\/{rel}","templated":true}]}}